{"id":1798,"date":"2026-02-02T13:48:17","date_gmt":"2026-02-02T13:48:17","guid":{"rendered":"https:\/\/physioherrmann.de\/?page_id=1798"},"modified":"2026-02-06T10:16:59","modified_gmt":"2026-02-06T10:16:59","slug":"privatpraxis-fuer-physiotherapie","status":"publish","type":"page","link":"https:\/\/physioherrmann.de\/?page_id=1798","title":{"rendered":"Privatpraxis f\u00fcr Physiotherapie"},"content":{"rendered":"\n<div class=\"wp-block-group alignwide\"><div class=\"wp-block-group__inner-container is-layout-constrained wp-block-group-is-layout-constrained\">\n<div class=\"wp-block-media-text alignwide is-stacked-on-mobile\" style=\"grid-template-columns:20% auto\"><figure class=\"wp-block-media-text__media\"><img loading=\"lazy\" decoding=\"async\" width=\"500\" height=\"750\" src=\"https:\/\/physioherrmann.de\/wp-content\/uploads\/2023\/06\/Steffi.jpg\" alt=\"\" class=\"wp-image-1594 size-full\" srcset=\"https:\/\/physioherrmann.de\/wp-content\/uploads\/2023\/06\/Steffi.jpg 500w, https:\/\/physioherrmann.de\/wp-content\/uploads\/2023\/06\/Steffi-200x300.jpg 200w\" sizes=\"auto, (max-width: 500px) 100vw, 500px\" \/><\/figure><div class=\"wp-block-media-text__content\">\n<p><\/p>\n\n\n\n<p class=\"has-text-color\" style=\"color:#2e6f33\"><strong>Stefanie Herrmann<\/strong>&nbsp;<\/p>\n\n\n\n<p>Staatlich gepr\u00fcfte Physiotherapeutin<br>Manualtherapeutin<br>Personal Coaching \/ Return to Sports-Test<br>Funktionelle Trainingskurse<br>Manuelle Lymphdrainage (Dr. Vodder)<br>Nordic Walking- und Beckenbodeninstruktorin<br>Staatlich gepr\u00fcfte Ski- und Langlauflehrerin<br>Heilpraktikerin<br>Mitglied der internationalen Akademie f\u00fcr orthop\u00e4dische Medizin (IAOM)<\/p>\n<\/div><\/div>\n<\/div><\/div>\n\n\n\n<div style=\"height:100px\" aria-hidden=\"true\" class=\"wp-block-spacer\"><\/div>\n\n\n\n<h5 class=\"wp-block-heading has-global-color-8-color has-text-color has-link-color wp-elements-61d44a84e1d0ba06aa160be47a4196ae\"><strong>Meine Leistungen<\/strong><\/h5>\n\n\n\n<div style=\"height:25px\" aria-hidden=\"true\" class=\"wp-block-spacer\"><\/div>\n\n\n\n<div class=\"wp-block-group is-vertical is-content-justification-left is-layout-flex wp-container-core-group-is-layout-c0ca7d81 wp-block-group-is-layout-flex\">\n<p class=\"has-text-align-left has-medium-font-size\"><span style=\"font-size: 14pt;\"><a href=\"https:\/\/physioherrmann.de\/?page_id=275\"><strong>\u2022 Manuelle Therapie \/ Orthop\u00e4dische Medizin<\/strong><\/a><\/span><\/p>\n\n\n\n<p class=\"has-medium-font-size\"><a href=\"https:\/\/physioherrmann.de\/?page_id=277\"><span style=\"font-size: 14pt;\"><strong>\u2022 KG am Ger\u00e4t<\/strong><\/span><\/a><\/p>\n\n\n\n<p class=\"has-small-font-size\"><a href=\"https:\/\/physioherrmann.de\/?page_id=284\"><span style=\"font-size: 14pt;\"><strong>\u2022 Manuelle&nbsp;Lymphdrainage<\/strong><\/span><\/a><\/p>\n\n\n\n<p class=\"has-medium-font-size\"><a href=\"https:\/\/physioherrmann.de\/?page_id=286\"><span style=\"font-size: 14pt;\"><strong>\u2022 Physikalische Therapie \/ Erg\u00e4nzende Ma\u00dfnahmen<\/strong><\/span><\/a><\/p>\n\n\n\n<p class=\"has-medium-font-size\"><a href=\"https:\/\/physioherrmann.de\/?page_id=532\"><strong>\u2022&nbsp;Functional Movement Screening \/ Personal Training&nbsp;<\/strong><\/a><\/p>\n\n\n\n<p class=\"has-medium-font-size\"><a href=\"https:\/\/physioherrmann.de\/?page_id=538\"><strong>\u2022&nbsp;Privatkurse \/ Einzelstunden<\/strong><\/a><\/p>\n\n\n\n<p class=\"has-medium-font-size\"><a href=\"https:\/\/physioherrmann.de\/?page_id=540\"><strong>\u2022&nbsp;Kinesiotaping<\/strong><\/a><\/p>\n\n\n\n<p class=\"has-medium-font-size\"><a href=\"https:\/\/physioherrmann.de\/?page_id=542\"><strong>\u2022&nbsp;Schr\u00f6pf &#8211; Kopf &#8211; Massage<\/strong><\/a><\/p>\n\n\n\n<p class=\"has-medium-font-size\"><strong>\u2022&nbsp;Functional Trainingskurse<\/strong><\/p>\n\n\n\n<p class=\"has-medium-font-size\"><a href=\"https:\/\/physioherrmann.de\/?page_id=1184\"><strong>\u2022&nbsp;Return to sports<\/strong><\/a><\/p>\n<\/div>\n\n\n\n<div style=\"height:100px\" aria-hidden=\"true\" class=\"wp-block-spacer\"><\/div>\n\n\n\n<hr class=\"wp-block-separator has-text-color has-global-color-8-color has-alpha-channel-opacity has-global-color-8-background-color has-background is-style-wide\"\/>\n\n\n\n<p class=\"has-global-color-8-color has-text-color has-link-color wp-elements-4768b8bfb5dc12ff1cdff84551aa99f5\"><strong>Tel. 0049 1512 81 89 228 \/\/ steffi1977herrmann@gmail.com<\/strong><\/p>\n","protected":false},"excerpt":{"rendered":"<p>Stefanie Herrmann&nbsp; Staatlich gepr\u00fcfte PhysiotherapeutinManualtherapeutinPersonal Coaching \/ Return to Sports-TestFunktionelle TrainingskurseManuelle Lymphdrainage (Dr. Vodder)Nordic Walking- und BeckenbodeninstruktorinStaatlich gepr\u00fcfte Ski- und LanglauflehrerinHeilpraktikerinMitglied der internationalen Akademie f\u00fcr orthop\u00e4dische Medizin (IAOM) Meine Leistungen &#8230; <a title=\"Privatpraxis f\u00fcr Physiotherapie\" class=\"read-more\" href=\"https:\/\/physioherrmann.de\/?page_id=1798\" aria-label=\"Mehr Informationen \u00fcber Privatpraxis f\u00fcr Physiotherapie\">Weiterlesen<\/a><\/p>\n","protected":false},"author":2,"featured_media":0,"parent":0,"menu_order":0,"comment_status":"closed","ping_status":"closed","template":"","meta":{"footnotes":""},"class_list":["post-1798","page","type-page","status-publish"],"_links":{"self":[{"href":"https:\/\/physioherrmann.de\/index.php?rest_route=\/wp\/v2\/pages\/1798","targetHints":{"allow":["GET"]}}],"collection":[{"href":"https:\/\/physioherrmann.de\/index.php?rest_route=\/wp\/v2\/pages"}],"about":[{"href":"https:\/\/physioherrmann.de\/index.php?rest_route=\/wp\/v2\/types\/page"}],"author":[{"embeddable":true,"href":"https:\/\/physioherrmann.de\/index.php?rest_route=\/wp\/v2\/users\/2"}],"replies":[{"embeddable":true,"href":"https:\/\/physioherrmann.de\/index.php?rest_route=%2Fwp%2Fv2%2Fcomments&post=1798"}],"version-history":[{"count":18,"href":"https:\/\/physioherrmann.de\/index.php?rest_route=\/wp\/v2\/pages\/1798\/revisions"}],"predecessor-version":[{"id":1952,"href":"https:\/\/physioherrmann.de\/index.php?rest_route=\/wp\/v2\/pages\/1798\/revisions\/1952"}],"wp:attachment":[{"href":"https:\/\/physioherrmann.de\/index.php?rest_route=%2Fwp%2Fv2%2Fmedia&parent=1798"}],"curies":[{"name":"wp","href":"https:\/\/api.w.org\/{rel}","templated":true}]}}