{"id":2,"date":"2016-05-10T03:48:21","date_gmt":"2016-05-10T03:48:21","guid":{"rendered":"http:\/\/wp452m.a10-52-158-154.qa.plesk.ru\/wordpress\/?page_id=2"},"modified":"2026-02-23T08:45:22","modified_gmt":"2026-02-23T08:45:22","slug":"sample-page","status":"publish","type":"page","link":"https:\/\/physioherrmann.de\/","title":{"rendered":""},"content":{"rendered":"\n<div aria-hidden=\"true\" class=\"wp-block-spacer\"><\/div>\n\n\n\n<h1 class=\"wp-block-heading has-text-align-center has-contrast-2-color has-base-3-background-color has-text-color has-background has-link-color wp-elements-faf8c7feff23469006d03b822b31d0dc\" style=\"text-transform:uppercase\"><strong>WILLKOMMEN IN DER PraxisGemeinschaft <\/strong><br><strong>PHYSIOTHERAPIE HERRMANN<\/strong> <br>IN KIEFERSFELDEN<\/h1>\n\n\n\n<div aria-hidden=\"true\" class=\"wp-block-spacer\"><\/div>\n\n\n\n<div class=\"wp-block-columns is-layout-flex wp-container-core-columns-is-layout-9d6595d7 wp-block-columns-is-layout-flex\">\n<div class=\"wp-block-column is-layout-flow wp-block-column-is-layout-flow\" style=\"flex-basis:100%\">\n<div class=\"wp-block-group\"><div class=\"wp-block-group__inner-container is-layout-constrained wp-block-group-is-layout-constrained\">\n<div class=\"wp-block-columns is-layout-flex wp-container-core-columns-is-layout-9d6595d7 wp-block-columns-is-layout-flex\">\n<div class=\"wp-block-column is-layout-flow wp-block-column-is-layout-flow\">\n<div class=\"wp-block-group\"><div class=\"wp-block-group__inner-container is-layout-constrained wp-block-group-is-layout-constrained\">\n<figure class=\"wp-block-gallery has-nested-images columns-default is-cropped wp-block-gallery-1 is-layout-flex wp-block-gallery-is-layout-flex\">\n<figure class=\"wp-block-image size-full is-style-default\"><a href=\"https:\/\/physioherrmann.de\/?page_id=1758\"><img loading=\"lazy\" decoding=\"async\" width=\"500\" height=\"375\" data-id=\"1842\" src=\"https:\/\/physioherrmann.de\/wp-content\/uploads\/2026\/02\/Juergen-2-edited.jpg\" alt=\"\" class=\"wp-image-1842\" srcset=\"https:\/\/physioherrmann.de\/wp-content\/uploads\/2026\/02\/Juergen-2-edited.jpg 500w, https:\/\/physioherrmann.de\/wp-content\/uploads\/2026\/02\/Juergen-2-edited-300x225.jpg 300w\" sizes=\"auto, (max-width: 500px) 100vw, 500px\" \/><\/a><\/figure>\n<\/figure>\n\n\n\n<h2 class=\"wp-block-heading has-text-align-center has-base-background-color has-background\"><a href=\"https:\/\/physioherrmann.de\/?page_id=1758\" data-type=\"page\" data-id=\"1758\">PRAXIS F\u00dcR PHYSIOTHERAPIE<\/a><br><br><br><strong>J\u00fcrgen Herrmann<\/strong><br><br>08033 30 23 60 \/ praxis@physioherrmann.de<\/h2>\n\n\n\n<p><\/p>\n\n\n\n<p><\/p>\n\n\n\n<p><\/p>\n<\/div><\/div>\n<\/div>\n\n\n\n<div class=\"wp-block-column is-layout-flow wp-block-column-is-layout-flow\">\n<div class=\"wp-block-group\"><div class=\"wp-block-group__inner-container is-layout-constrained wp-block-group-is-layout-constrained\">\n<figure class=\"wp-block-gallery has-nested-images columns-default is-cropped wp-block-gallery-2 is-layout-flex wp-block-gallery-is-layout-flex\">\n<figure class=\"wp-block-image size-large\"><a href=\"https:\/\/physioherrmann.de\/?page_id=1798\"><img loading=\"lazy\" decoding=\"async\" width=\"500\" height=\"375\" data-id=\"1845\" src=\"https:\/\/physioherrmann.de\/wp-content\/uploads\/2026\/02\/Steffi-edited-1.jpg\" alt=\"\" class=\"wp-image-1845\" srcset=\"https:\/\/physioherrmann.de\/wp-content\/uploads\/2026\/02\/Steffi-edited-1.jpg 500w, https:\/\/physioherrmann.de\/wp-content\/uploads\/2026\/02\/Steffi-edited-1-300x225.jpg 300w\" sizes=\"auto, (max-width: 500px) 100vw, 500px\" \/><\/a><\/figure>\n<\/figure>\n\n\n\n<h2 class=\"wp-block-heading has-text-align-center has-base-background-color has-background\"><a href=\"https:\/\/physioherrmann.de\/?page_id=1798\" data-type=\"page\" data-id=\"1798\">PRIVATPRAXIS F\u00dcR PHYSIOTHERAPIE \/<br>HEILPRAKTIK \/ PERSONAL COACHING<\/a><br><br><strong>Stefanie Herrmann<\/strong><br><br>01512 81 89 228 \/  steffi1977herrmann@gmail.com<\/h2>\n\n\n\n<p><\/p>\n<\/div><\/div>\n<\/div>\n<\/div>\n\n\n\n<div class=\"wp-block-columns is-layout-flex wp-container-core-columns-is-layout-9d6595d7 wp-block-columns-is-layout-flex\">\n<div class=\"wp-block-column is-layout-flow wp-block-column-is-layout-flow\"><\/div>\n\n\n\n<div class=\"wp-block-column is-layout-flow wp-block-column-is-layout-flow\"><\/div>\n<\/div>\n<\/div><\/div>\n<\/div>\n<\/div>\n\n\n\n<figure class=\"wp-block-image alignfull size-full is-style-default\"><img loading=\"lazy\" decoding=\"async\" width=\"1920\" height=\"600\" src=\"https:\/\/physioherrmann.de\/wp-content\/uploads\/2018\/08\/Gebauede_PhysioHerrmann_2018_1920x600.jpg\" alt=\"\" class=\"wp-image-1171\" srcset=\"https:\/\/physioherrmann.de\/wp-content\/uploads\/2018\/08\/Gebauede_PhysioHerrmann_2018_1920x600.jpg 1920w, https:\/\/physioherrmann.de\/wp-content\/uploads\/2018\/08\/Gebauede_PhysioHerrmann_2018_1920x600-300x94.jpg 300w, https:\/\/physioherrmann.de\/wp-content\/uploads\/2018\/08\/Gebauede_PhysioHerrmann_2018_1920x600-768x240.jpg 768w, https:\/\/physioherrmann.de\/wp-content\/uploads\/2018\/08\/Gebauede_PhysioHerrmann_2018_1920x600-1024x320.jpg 1024w\" sizes=\"auto, (max-width: 1920px) 100vw, 1920px\" \/><\/figure>\n\n\n\n<div style=\"height:100px\" aria-hidden=\"true\" class=\"wp-block-spacer\"><\/div>\n\n\n\n<p class=\"has-text-align-center has-base-3-color has-contrast-background-color has-text-color has-background\">Unsere Anmeldung ist nicht durchgehend besetzt. Sie k\u00f6nnen uns gerne jederzeit eine Nachricht per Email oder <br>auf dem Anrufbeantworter hinterlassen. Wir setzen uns so schnell wie m\u00f6glich mit Ihnen in Verbindung.<\/p>\n\n\n\n<div style=\"height:100px\" aria-hidden=\"true\" class=\"wp-block-spacer\"><\/div>\n\n\n\n\n\n<div aria-hidden=\"true\" class=\"wp-block-spacer\"><\/div>\n\n\n\n<div aria-hidden=\"true\" class=\"wp-block-spacer\"><\/div>\n\n\n\n<div class=\"wp-block-media-text is-stacked-on-mobile is-vertically-aligned-top is-image-fill-element\" style=\"grid-template-columns:49% auto\"><figure class=\"wp-block-media-text__media\"><img loading=\"lazy\" decoding=\"async\" width=\"1920\" height=\"600\" src=\"https:\/\/physioherrmann.de\/wp-content\/uploads\/2023\/06\/Header_Raum_2023_1920x600.jpg\" alt=\"\" class=\"wp-image-1603 size-full\" style=\"object-position:44% 44%\" srcset=\"https:\/\/physioherrmann.de\/wp-content\/uploads\/2023\/06\/Header_Raum_2023_1920x600.jpg 1920w, https:\/\/physioherrmann.de\/wp-content\/uploads\/2023\/06\/Header_Raum_2023_1920x600-300x94.jpg 300w, https:\/\/physioherrmann.de\/wp-content\/uploads\/2023\/06\/Header_Raum_2023_1920x600-1024x320.jpg 1024w, https:\/\/physioherrmann.de\/wp-content\/uploads\/2023\/06\/Header_Raum_2023_1920x600-768x240.jpg 768w, https:\/\/physioherrmann.de\/wp-content\/uploads\/2023\/06\/Header_Raum_2023_1920x600-1536x480.jpg 1536w\" sizes=\"auto, (max-width: 1920px) 100vw, 1920px\" \/><\/figure><div class=\"wp-block-media-text__content\">\n<p><\/p>\n\n\n\n<p class=\"has-global-color-8-color has-text-color has-link-color wp-elements-9fa66d5d21643bd60f29811da2227030\">Praxisphilosophie<\/p>\n\n\n\n<p>Bewegung und sportliche Bet\u00e4tigung liegt uns pers\u00f6nlich sehr am Herzen. Darum ist es uns ein gro\u00dfes Anliegen jedem Patienten, im Rahmen seiner k\u00f6rperlichen Voraussetzungen, die maximale Unterst\u00fctzung zu geben, dass er wieder beweglich, fit und aktiv wird bzw. bis ins hohe Alter bleiben kann.<\/p>\n\n\n\n<p><br>Nach dem Leitsatz der Faszien-Therapie: <br>&#8222;Wer sich nicht bewegt verklebt&#8220; <em>(Dr. Schleip)<\/em>.<br>Denn was gibt es denn erstrebenswerteres, als sich in unserer sch\u00f6nen Umgebung in der freien Natur m\u00f6glichst schmerzfrei bewegen zu k\u00f6nnen.<\/p>\n<\/div><\/div>\n\n\n\n<p class=\"has-cyan-bluish-gray-color has-text-color has-medium-font-size\"><\/p>\n\n\n\n<div style=\"height:100px\" aria-hidden=\"true\" class=\"wp-block-spacer\"><\/div>\n\n\n\n<div class=\"wp-block-group alignwide is-horizontal is-content-justification-center is-layout-flex wp-container-core-group-is-layout-00ace616 wp-block-group-is-layout-flex\">\n<figure class=\"wp-block-gallery alignwide has-nested-images columns-default is-cropped wp-block-gallery-3 is-layout-flex wp-block-gallery-is-layout-flex\">\n<figure class=\"wp-block-image size-large\"><img loading=\"lazy\" decoding=\"async\" width=\"1024\" height=\"683\" data-id=\"1601\" src=\"https:\/\/physioherrmann.de\/wp-content\/uploads\/2023\/06\/Anmeldung-1024x683.jpg\" alt=\"\" class=\"wp-image-1601\" srcset=\"https:\/\/physioherrmann.de\/wp-content\/uploads\/2023\/06\/Anmeldung-1024x683.jpg 1024w, https:\/\/physioherrmann.de\/wp-content\/uploads\/2023\/06\/Anmeldung-300x200.jpg 300w, https:\/\/physioherrmann.de\/wp-content\/uploads\/2023\/06\/Anmeldung-768x512.jpg 768w, https:\/\/physioherrmann.de\/wp-content\/uploads\/2023\/06\/Anmeldung-380x252.jpg 380w, https:\/\/physioherrmann.de\/wp-content\/uploads\/2023\/06\/Anmeldung.jpg 1500w\" sizes=\"auto, (max-width: 1024px) 100vw, 1024px\" \/><\/figure>\n\n\n\n<figure class=\"wp-block-image size-full\"><img loading=\"lazy\" decoding=\"async\" width=\"1920\" height=\"600\" data-id=\"1416\" src=\"https:\/\/physioherrmann.de\/wp-content\/uploads\/2020\/06\/Header3_Raeume.jpg\" alt=\"\" class=\"wp-image-1416\" srcset=\"https:\/\/physioherrmann.de\/wp-content\/uploads\/2020\/06\/Header3_Raeume.jpg 1920w, https:\/\/physioherrmann.de\/wp-content\/uploads\/2020\/06\/Header3_Raeume-300x94.jpg 300w, https:\/\/physioherrmann.de\/wp-content\/uploads\/2020\/06\/Header3_Raeume-1024x320.jpg 1024w, https:\/\/physioherrmann.de\/wp-content\/uploads\/2020\/06\/Header3_Raeume-768x240.jpg 768w, https:\/\/physioherrmann.de\/wp-content\/uploads\/2020\/06\/Header3_Raeume-1536x480.jpg 1536w\" sizes=\"auto, (max-width: 1920px) 100vw, 1920px\" \/><\/figure>\n<\/figure>\n<\/div>\n\n\n\n<p><\/p>\n","protected":false},"excerpt":{"rendered":"<p>WILLKOMMEN IN DER PraxisGemeinschaft PHYSIOTHERAPIE HERRMANN IN KIEFERSFELDEN PRAXIS F\u00dcR PHYSIOTHERAPIE J\u00fcrgen Herrmann 08033 30 23 60 \/ praxis@physioherrmann.de PRIVATPRAXIS F\u00dcR PHYSIOTHERAPIE \/HEILPRAKTIK \/ PERSONAL COACHING Stefanie Herrmann 01512 81 &#8230; <a title=\"\" class=\"read-more\" href=\"https:\/\/physioherrmann.de\/\" aria-label=\"Mehr Informationen \u00fcber \">Weiterlesen<\/a><\/p>\n","protected":false},"author":1,"featured_media":0,"parent":0,"menu_order":0,"comment_status":"closed","ping_status":"closed","template":"","meta":{"footnotes":""},"class_list":["post-2","page","type-page","status-publish"],"_links":{"self":[{"href":"https:\/\/physioherrmann.de\/index.php?rest_route=\/wp\/v2\/pages\/2","targetHints":{"allow":["GET"]}}],"collection":[{"href":"https:\/\/physioherrmann.de\/index.php?rest_route=\/wp\/v2\/pages"}],"about":[{"href":"https:\/\/physioherrmann.de\/index.php?rest_route=\/wp\/v2\/types\/page"}],"author":[{"embeddable":true,"href":"https:\/\/physioherrmann.de\/index.php?rest_route=\/wp\/v2\/users\/1"}],"replies":[{"embeddable":true,"href":"https:\/\/physioherrmann.de\/index.php?rest_route=%2Fwp%2Fv2%2Fcomments&post=2"}],"version-history":[{"count":224,"href":"https:\/\/physioherrmann.de\/index.php?rest_route=\/wp\/v2\/pages\/2\/revisions"}],"predecessor-version":[{"id":1969,"href":"https:\/\/physioherrmann.de\/index.php?rest_route=\/wp\/v2\/pages\/2\/revisions\/1969"}],"wp:attachment":[{"href":"https:\/\/physioherrmann.de\/index.php?rest_route=%2Fwp%2Fv2%2Fmedia&parent=2"}],"curies":[{"name":"wp","href":"https:\/\/api.w.org\/{rel}","templated":true}]}}