{"id":275,"date":"2017-03-07T18:42:58","date_gmt":"2017-03-07T18:42:58","guid":{"rendered":"http:\/\/test.physioherrmann.de\/?page_id=275"},"modified":"2026-02-06T09:09:41","modified_gmt":"2026-02-06T09:09:41","slug":"manuelle-therapie-orthopaedische-medizin","status":"publish","type":"page","link":"https:\/\/physioherrmann.de\/?page_id=275","title":{"rendered":"Manuelle Therapie \/ Orthop\u00e4dische Medizin"},"content":{"rendered":"\n<div class=\"wp-block-group\"><div class=\"wp-block-group__inner-container is-layout-constrained wp-block-group-is-layout-constrained\">\n<div dir=\"auto\" style=\"text-align: left;\"><span style=\"font-size: 12pt; font-family: helvetica, arial, sans-serif;\">= s\u00e4mtliche therapeutische &#8222;Hands on&#8220; &#8211; Therapien verbergen sich hinter dem Begriff &#8222;Manuelle Therapie&#8220;. Voraussetzung hierf\u00fcr ist eine 3 j\u00e4hrige Zusatz-Ausbildung des Therapeuten, die ihn bef\u00e4higt eine eingehende physiotherapeutische Befunderhebung, als Basis der Therapie, durchzuf\u00fchren, um daraufhin den Patienten befundorientiert zu behandeln.<br \/>Je nach vorliegender Problematik kann deshalb der individuelle Therapieansatz bei jedem Patienten v\u00f6llig anders aussehen:<\/span><\/div>\n<div dir=\"auto\" style=\"text-align: left;\">\n<p><span style=\"font-size: 12pt; font-family: helvetica, arial, sans-serif;\"><img loading=\"lazy\" decoding=\"async\" class=\"alignleft size-full wp-image-805\" src=\"http:\/\/test.physioherrmann.de\/wp-content\/uploads\/2017\/03\/Manuelle_Therapie_1200x600.jpg\" alt=\"\" width=\"1200\" height=\"600\" srcset=\"https:\/\/physioherrmann.de\/wp-content\/uploads\/2017\/03\/Manuelle_Therapie_1200x600.jpg 1200w, https:\/\/physioherrmann.de\/wp-content\/uploads\/2017\/03\/Manuelle_Therapie_1200x600-300x150.jpg 300w, https:\/\/physioherrmann.de\/wp-content\/uploads\/2017\/03\/Manuelle_Therapie_1200x600-768x384.jpg 768w, https:\/\/physioherrmann.de\/wp-content\/uploads\/2017\/03\/Manuelle_Therapie_1200x600-1024x512.jpg 1024w\" sizes=\"auto, (max-width: 1200px) 100vw, 1200px\" \/><\/span><span style=\"font-family: helvetica, arial, sans-serif;\"><span style=\"font-size: 12pt;\"><br \/><\/span> <\/span><\/p>\n<p><span style=\"font-size: 12pt; font-family: helvetica, arial, sans-serif;\">\u2192 <strong>Spezielle Gelenksmobilisation<\/strong> zur Verbesserung eingeschr\u00e4nkter Beweglichkeit im Schulter-, Knie-, H\u00fcft-, Sprunggelenke uvm.<br \/>L\u00f6sen von &#8222;Wirbelblockaden&#8220;, Entlastung von Bandscheiben, Verbesserung eingeschr\u00e4nkter Wirbels\u00e4ulenmobilit\u00e4t, aber auch L\u00f6sen &amp; Lockerung von Kiefergelenksdysfunktionen.<\/span><\/p>\n<div><span style=\"font-family: helvetica, arial, sans-serif;\">\u00a0<\/span><\/div>\n<div><span style=\"font-family: helvetica, arial, sans-serif;\">\u00a0<\/span><\/div>\n<div><span style=\"font-size: 12pt; font-family: helvetica, arial, sans-serif;\">\u2192<strong>\u00a0Behandlungen von Kopfschmerz \/ Migr\u00e4ne \/ Tinitus <\/strong>insofern die Ursache in der Halswirbels\u00e4ule oder den Kopfgelenken liegt<\/span><\/div>\n<div><span style=\"font-size: 12pt; font-family: helvetica, arial, sans-serif;\">\u00a0<\/span><\/div>\n<p><span style=\"font-size: 12pt; font-family: helvetica, arial, sans-serif;\">\u2192\u00a0<strong>lokale und globale Weichteiltechniken und Muskellockerung<\/strong> zur Schmerzlinderung und Entspannung<\/span><\/p>\n<p><span style=\"font-size: 12pt; font-family: helvetica, arial, sans-serif;\">\u2192\u00a0<strong>Skoliosetherapie<\/strong> bei Heranwachsenden mit angeborenen Wirbels\u00e4ulenverkr\u00fcmmungen (nach Lehnart \/ Schroth)<\/span><\/p>\n<\/div>\n<p><span style=\"font-family: helvetica, arial, sans-serif;\"><img loading=\"lazy\" decoding=\"async\" class=\"aligncenter wp-image-828 size-full\" src=\"https:\/\/physioherrmann.de\/wp-content\/uploads\/2017\/03\/Blackroll_1200x600-1.jpg\" alt=\"\" width=\"1200\" height=\"600\" srcset=\"https:\/\/physioherrmann.de\/wp-content\/uploads\/2017\/03\/Blackroll_1200x600-1.jpg 1200w, https:\/\/physioherrmann.de\/wp-content\/uploads\/2017\/03\/Blackroll_1200x600-1-300x150.jpg 300w, https:\/\/physioherrmann.de\/wp-content\/uploads\/2017\/03\/Blackroll_1200x600-1-768x384.jpg 768w, https:\/\/physioherrmann.de\/wp-content\/uploads\/2017\/03\/Blackroll_1200x600-1-1024x512.jpg 1024w\" sizes=\"auto, (max-width: 1200px) 100vw, 1200px\" \/><\/span><\/p>\n<div dir=\"auto\" style=\"text-align: left;\">\n<p><span style=\"font-family: helvetica, arial, sans-serif;\">\u2192\u00a0<strong>Myofasziale Integration<\/strong><\/span><\/p>\n<p><span style=\"font-size: 12pt; font-family: helvetica, arial, sans-serif;\"> Gezielte Grifftechniken zur Beurteilung und Behandlung von Faszien mit dem Ziel Verklebungen und Fehlspannungen (sog. &#8222;Crosslinks&#8220;) im bindegewebigen Muskel-, Bandapparat zu beheben, verklebte Faszien neu auszurichten und in Fluss zu bringen, damit man geschmeidig, beweglich und leistungsf\u00e4higer durchs Leben gehen kann!<\/span><\/p>\n<\/div>\n<p style=\"text-align: left;\"><span style=\"font-family: helvetica, arial, sans-serif;\"><img loading=\"lazy\" decoding=\"async\" class=\"aligncenter wp-image-808 size-full\" src=\"https:\/\/physioherrmann.de\/wp-content\/uploads\/2017\/03\/Mc_Kenzie_1200x600.jpg\" alt=\"\" width=\"1200\" height=\"600\" srcset=\"https:\/\/physioherrmann.de\/wp-content\/uploads\/2017\/03\/Mc_Kenzie_1200x600.jpg 1200w, https:\/\/physioherrmann.de\/wp-content\/uploads\/2017\/03\/Mc_Kenzie_1200x600-300x150.jpg 300w, https:\/\/physioherrmann.de\/wp-content\/uploads\/2017\/03\/Mc_Kenzie_1200x600-768x384.jpg 768w, https:\/\/physioherrmann.de\/wp-content\/uploads\/2017\/03\/Mc_Kenzie_1200x600-1024x512.jpg 1024w\" sizes=\"auto, (max-width: 1200px) 100vw, 1200px\" \/><\/span><\/p>\n<p style=\"text-align: left;\"><span style=\"font-size: 12pt; font-family: helvetica, arial, sans-serif;\">\u2192 <strong>Mc Kenzie- Therapie<\/strong><br \/>Neuseel\u00e4ndisches Therapie Konzept, das sich v.a. mit der Behandlung von <strong>akuten<\/strong> und chronischen R\u00fccken- und Nackenbeschwerden besch\u00e4ftigt. Die Hilfe zur Selbsthilfe steht dabei im Mittelpunkt der Therapie. Der Patient wird aktiv in seine Behandlung mit einbezogen, erh\u00e4lt viele \u00dcbungen, Erkl\u00e4rungen zum Verst\u00e4ndnis seiner Problematik und Tipps zum richtigen Verhalten in Beruf und Alltag.\u00a0\u2192 Sehr effektiver Therapieansatz bei akuten Bandscheibenprotrusionen nach Bandscheiben Operationen, sowie nervenbedingten Schmerzen mit Ausstrahlung in Arme oder Beine.<br \/><\/span><\/p>\n<p><span style=\"font-family: helvetica, arial, sans-serif;\"><img loading=\"lazy\" decoding=\"async\" class=\"aligncenter wp-image-764 size-full\" src=\"https:\/\/physioherrmann.de\/wp-content\/uploads\/2017\/03\/Schlingentisch_1200x600.jpg\" alt=\"\" width=\"1200\" height=\"600\" srcset=\"https:\/\/physioherrmann.de\/wp-content\/uploads\/2017\/03\/Schlingentisch_1200x600.jpg 1200w, https:\/\/physioherrmann.de\/wp-content\/uploads\/2017\/03\/Schlingentisch_1200x600-300x150.jpg 300w, https:\/\/physioherrmann.de\/wp-content\/uploads\/2017\/03\/Schlingentisch_1200x600-768x384.jpg 768w, https:\/\/physioherrmann.de\/wp-content\/uploads\/2017\/03\/Schlingentisch_1200x600-1024x512.jpg 1024w\" sizes=\"auto, (max-width: 1200px) 100vw, 1200px\" \/><\/span><\/p>\n<p><span style=\"font-size: 12pt; font-family: helvetica, arial, sans-serif;\">\u2192\u00a0<strong>Muskelaktivierung<\/strong> und Trainingsplanung nach verletzungsbedingten Sportpausen oder Operationen<\/span><\/p>\n<p><span style=\"font-family: helvetica, arial, sans-serif; font-size: 14pt; color: #2e6f33;\"><em>\u00c4rztl. Verordnung: &#8222;Manuelle Therapie&#8220;<\/em><\/span><\/p>\n<\/div><\/div>\n","protected":false},"excerpt":{"rendered":"<p>= s\u00e4mtliche therapeutische &#8222;Hands on&#8220; &#8211; Therapien verbergen sich hinter dem Begriff &#8222;Manuelle Therapie&#8220;. Voraussetzung hierf\u00fcr ist eine 3 j\u00e4hrige Zusatz-Ausbildung des Therapeuten, die ihn bef\u00e4higt eine eingehende physiotherapeutische Befunderhebung, &#8230; <a title=\"Manuelle Therapie \/ Orthop\u00e4dische Medizin\" class=\"read-more\" href=\"https:\/\/physioherrmann.de\/?page_id=275\" aria-label=\"Mehr Informationen \u00fcber Manuelle Therapie \/ Orthop\u00e4dische Medizin\">Weiterlesen<\/a><\/p>\n","protected":false},"author":2,"featured_media":0,"parent":112,"menu_order":0,"comment_status":"closed","ping_status":"closed","template":"","meta":{"footnotes":""},"class_list":["post-275","page","type-page","status-publish"],"_links":{"self":[{"href":"https:\/\/physioherrmann.de\/index.php?rest_route=\/wp\/v2\/pages\/275","targetHints":{"allow":["GET"]}}],"collection":[{"href":"https:\/\/physioherrmann.de\/index.php?rest_route=\/wp\/v2\/pages"}],"about":[{"href":"https:\/\/physioherrmann.de\/index.php?rest_route=\/wp\/v2\/types\/page"}],"author":[{"embeddable":true,"href":"https:\/\/physioherrmann.de\/index.php?rest_route=\/wp\/v2\/users\/2"}],"replies":[{"embeddable":true,"href":"https:\/\/physioherrmann.de\/index.php?rest_route=%2Fwp%2Fv2%2Fcomments&post=275"}],"version-history":[{"count":45,"href":"https:\/\/physioherrmann.de\/index.php?rest_route=\/wp\/v2\/pages\/275\/revisions"}],"predecessor-version":[{"id":1931,"href":"https:\/\/physioherrmann.de\/index.php?rest_route=\/wp\/v2\/pages\/275\/revisions\/1931"}],"up":[{"embeddable":true,"href":"https:\/\/physioherrmann.de\/index.php?rest_route=\/wp\/v2\/pages\/112"}],"wp:attachment":[{"href":"https:\/\/physioherrmann.de\/index.php?rest_route=%2Fwp%2Fv2%2Fmedia&parent=275"}],"curies":[{"name":"wp","href":"https:\/\/api.w.org\/{rel}","templated":true}]}}